{"id":529,"date":"2015-04-20T11:50:56","date_gmt":"2015-04-20T11:50:56","guid":{"rendered":"http:\/\/welfare.cmsmasters.net\/?page_id=529"},"modified":"2020-02-05T16:32:59","modified_gmt":"2020-02-05T15:32:59","slug":"about-us","status":"publish","type":"page","link":"https:\/\/100raciner.be\/index.php\/about-us\/","title":{"rendered":"Notre objectif"},"content":{"rendered":"<div id=\"cmsmasters_row_nofslyz1hn\" class=\"cmsmasters_row cmsmasters_color_scheme_default cmsmasters_row_top_default cmsmasters_row_bot_default cmsmasters_row_boxed\">\n<div class=\"cmsmasters_row_outer_parent\">\n<div class=\"cmsmasters_row_outer\">\n<div class=\"cmsmasters_row_inner\">\n<div class=\"cmsmasters_row_margin\">\n<div id=\"cmsmasters_column_tsg36hzfki\" class=\"cmsmasters_column one_first\">\n<div class=\"cmsmasters_column_inner\"><div id=\"cmsmasters_heading_rrgejmijg\" class=\"cmsmasters_heading_wrap cmsmasters_heading_align_center\">\n\t<h2 class=\"cmsmasters_heading\">Notre objectif<\/h2>\n<\/div>\n<\/div><\/div>\n<\/div>\n<\/div>\n<\/div>\n<\/div>\n<\/div>\n<div id=\"cmsmasters_row_ho2wm72u7h\" class=\"cmsmasters_row cmsmasters_color_scheme_default cmsmasters_row_top_default cmsmasters_row_bot_default cmsmasters_row_fullwidth\">\n<div class=\"cmsmasters_row_outer_parent\">\n<div class=\"cmsmasters_row_outer\">\n<div class=\"cmsmasters_row_inner cmsmasters_row_fullwidth\">\n<div class=\"cmsmasters_row_margin cmsmasters_row_columns_behavior\">\n<div id=\"cmsmasters_column_fds70fuqos\" class=\"cmsmasters_column one_third\">\n<div class=\"cmsmasters_column_inner\"><\/div><\/div>\n<div id=\"cmsmasters_column_9umckw2emc\" class=\"cmsmasters_column two_third\">\n<div class=\"cmsmasters_column_inner\"><div id=\"cmsmasters_heading_k610h6ljqm\" class=\"cmsmasters_heading_wrap cmsmasters_heading_align_left\">\n\t<h2 class=\"cmsmasters_heading\">Nous agissons comme accompagnateur dans la restauration des for\u00eats et espaces naturels en Wallonie.<\/h2>\n<\/div><div id=\"cmsmasters_heading_khr8zu8qc\" class=\"cmsmasters_heading_wrap cmsmasters_heading_align_left\">\n\t<h5 class=\"cmsmasters_heading\">Objectif : la plantation de 100 arbres dans des zones o\u00f9 la restauration des sols est n\u00e9cessaire.<\/h5>\n<\/div><div id=\"cmsmasters_heading_k4eli1cq0l\" class=\"cmsmasters_heading_wrap cmsmasters_heading_align_left\">\n\t<h6 class=\"cmsmasters_heading\">Nous souhaitons travailler un maximum avec les associations et acteurs locaux dans le cadre de projet de reboisement en Wallonie. Nous agissons comme interm\u00e9diaire dans la restauration des paysages forestiers. Les projets de reboisement se r\u00e9alisent principalement dans des espaces naturels ou des for\u00eats, dans le but de restaurer les sols d\u00e9grad\u00e9s. Le reboisement a \u00e9galement un int\u00e9r\u00eat climatique. Les arbres agissent comme \u00ab puits de Carbone \u00bb, ils peuvent absorber une grande quantit\u00e9 de dioxyde de carbone (CO2) dans l&rsquo;atmosph\u00e8re en le fixant dans les sols et la biomasse. Nos financements proviennent principalement de soci\u00e9t\u00e9s priv\u00e9es qui souhaitent soutenir notre d\u00e9marche. Notre principale source de financement est la soci\u00e9t\u00e9 \u00ab certificateurpeb.be \u00bb qui r\u00e9alise la certification \u00e9nerg\u00e9tique des biens en Wallonie. En soutenant \u00ab 100RACINER \u00bb, nous demandons \u00e0 nos partenaires de s\u2019engager en signant notre charte qui reprend les actions suivantes : R\u00e9duire de 50% l\u2019impression de papier sur 2 ans et passer \u00e0 la d\u00e9mat\u00e9rialisation totale dans les 5 ans. S\u2019engager \u00e0 remplacer l\u2019achat dosettes et capsules de de caf\u00e9 ou de th\u00e9 \u00ab traditionnels \u00bb par des produits certifi\u00e9s (\u00ab Rainforest Alliance \u00bb ou encore Fairtrade Max Hevelaar). Dans les 2 ans, l\u2019ensemble des produits (th\u00e9 \/ caf\u00e9) propos\u00e9s aux clients et employ\u00e9s devront \u00eatre certifi\u00e9s. Participer \u00e0 une journ\u00e9e de \u00ab reboisement \u00bb en Wallonie avec l\u2019ensemble de leurs collaborateurs. Planter un premier arbre sur leur terrain afin de concr\u00e9tiser leur engagement (si la soci\u00e9t\u00e9 poss\u00e8de le terrain adapt\u00e9 et la place n\u00e9cessaire). Notre objectif pour cette ann\u00e9e 2020 : permettre l\u2019enracinement de 100 arbres en Wallonie en collaboration avec les acteurs locaux. Un objectif certes modeste, mais qui permettra de planter la premi\u00e8re graine de nos futures actions !<\/h6>\n<\/div>\n<\/div><\/div>\n<\/div>\n<\/div>\n<\/div>\n<\/div>\n<\/div>\n\n","protected":false},"excerpt":{"rendered":"","protected":false},"author":1,"featured_media":0,"parent":0,"menu_order":0,"comment_status":"closed","ping_status":"closed","template":"","meta":[],"_links":{"self":[{"href":"https:\/\/100raciner.be\/index.php\/wp-json\/wp\/v2\/pages\/529"}],"collection":[{"href":"https:\/\/100raciner.be\/index.php\/wp-json\/wp\/v2\/pages"}],"about":[{"href":"https:\/\/100raciner.be\/index.php\/wp-json\/wp\/v2\/types\/page"}],"author":[{"embeddable":true,"href":"https:\/\/100raciner.be\/index.php\/wp-json\/wp\/v2\/users\/1"}],"replies":[{"embeddable":true,"href":"https:\/\/100raciner.be\/index.php\/wp-json\/wp\/v2\/comments?post=529"}],"version-history":[{"count":3,"href":"https:\/\/100raciner.be\/index.php\/wp-json\/wp\/v2\/pages\/529\/revisions"}],"predecessor-version":[{"id":15643,"href":"https:\/\/100raciner.be\/index.php\/wp-json\/wp\/v2\/pages\/529\/revisions\/15643"}],"wp:attachment":[{"href":"https:\/\/100raciner.be\/index.php\/wp-json\/wp\/v2\/media?parent=529"}],"curies":[{"name":"wp","href":"https:\/\/api.w.org\/{rel}","templated":true}]}}