{"id":7366,"date":"2015-11-18T08:37:53","date_gmt":"2015-11-18T08:37:53","guid":{"rendered":"http:\/\/interior-design.cmsmasters.net\/?page_id=7366"},"modified":"2021-11-16T13:23:26","modified_gmt":"2021-11-16T12:23:26","slug":"home-store","status":"publish","type":"page","link":"https:\/\/100raciner.be\/","title":{"rendered":"Accueil"},"content":{"rendered":"<div id=\"cmsmasters_row_83hce86sns\" class=\"cmsmasters_row cmsmasters_color_scheme_default cmsmasters_row_top_default cmsmasters_row_bot_default cmsmasters_row_fullwidth\">\n<div class=\"cmsmasters_row_outer_parent\">\n<div class=\"cmsmasters_row_outer\">\n<div class=\"cmsmasters_row_inner cmsmasters_row_fullwidth\">\n<div class=\"cmsmasters_row_margin\">\n<div id=\"cmsmasters_column_\" class=\"cmsmasters_column one_first\">\n<div class=\"cmsmasters_column_inner\">\n<div class=\"cmsmasters_slider\"><link href=\"https:\/\/fonts.googleapis.com\/css?family=Merriweather:900%7CHind:400\" rel=\"stylesheet\" property=\"stylesheet\" type=\"text\/css\" media=\"all\">\n<div id=\"rev_slider_2_1_wrapper\" class=\"rev_slider_wrapper fullwidthbanner-container\" data-source=\"gallery\" style=\"margin:0px auto;background:transparent;padding:0px;margin-top:0px;margin-bottom:0px;\">\n<!-- START REVOLUTION SLIDER 5.4.8.3 auto mode -->\n\t<div id=\"rev_slider_2_1\" class=\"rev_slider fullwidthabanner\" style=\"display:none;\" data-version=\"5.4.8.3\">\n<ul>\t<!-- SLIDE  -->\n\t<li data-index=\"rs-5\" data-transition=\"fade\" data-slotamount=\"default\" data-hideafterloop=\"0\" data-hideslideonmobile=\"off\"  data-easein=\"default\" data-easeout=\"default\" data-masterspeed=\"300\"  data-thumb=\"https:\/\/100raciner.be\/wp-content\/uploads\/2020\/02\/WEBRACINE-ARBRE-shutterstock_366149123-scaled-100x50.jpg\"  data-rotate=\"0\"  data-saveperformance=\"off\"  data-title=\"Slide\" data-param1=\"\" data-param2=\"\" data-param3=\"\" data-param4=\"\" data-param5=\"\" data-param6=\"\" data-param7=\"\" data-param8=\"\" data-param9=\"\" data-param10=\"\" data-description=\"\">\n\t\t<!-- MAIN IMAGE -->\n\t\t<img src=\"https:\/\/100raciner.be\/wp-content\/uploads\/2020\/02\/WEBRACINE-ARBRE-shutterstock_366149123-scaled.jpg\"  alt=\"Enraciner un arbre\" title=\"WEBRACINE ARBRE shutterstock_366149123\"  width=\"2560\" height=\"1577\" data-bgposition=\"center center\" data-kenburns=\"on\" data-duration=\"10000\" data-ease=\"Linear.easeNone\" data-scalestart=\"100\" data-scaleend=\"103\" data-rotatestart=\"0\" data-rotateend=\"0\" data-blurstart=\"0\" data-blurend=\"0\" data-offsetstart=\"0 0\" data-offsetend=\"10 0\" class=\"rev-slidebg\" data-no-retina>\n\t\t<!-- LAYERS -->\n\n\t\t<!-- LAYER NR. 1 -->\n\t\t<div class=\"tp-caption   tp-resizeme\" \n\t\t\t id=\"slide-5-layer-1\" \n\t\t\t data-x=\"['left','left','left','left']\" data-hoffset=\"['85','90','90','50']\" \n\t\t\t data-y=\"['top','top','top','top']\" data-voffset=\"['170','269','269','207']\" \n\t\t\t\t\t\tdata-fontsize=\"['62','62','62','48']\"\n\t\t\tdata-color=\"['rgb(255,254,247)','rgb(255,254,247)','rgb(255,254,247)','rgb(255,255,255)']\"\n\t\t\tdata-width=\"none\"\n\t\t\tdata-height=\"none\"\n\t\t\tdata-whitespace=\"nowrap\"\n \n\t\t\tdata-type=\"text\" \n\t\t\tdata-responsive_offset=\"on\" \n\n\t\t\tdata-frames='[{\"delay\":10,\"speed\":700,\"frame\":\"0\",\"from\":\"opacity:0;\",\"to\":\"o:1;\",\"ease\":\"Power3.easeInOut\"},{\"delay\":\"wait\",\"speed\":300,\"frame\":\"999\",\"to\":\"opacity:0;\",\"ease\":\"Power3.easeInOut\"}]'\n\t\t\tdata-textAlign=\"['inherit','inherit','inherit','inherit']\"\n\t\t\tdata-paddingtop=\"[0,0,0,0]\"\n\t\t\tdata-paddingright=\"[0,0,0,0]\"\n\t\t\tdata-paddingbottom=\"[0,0,0,0]\"\n\t\t\tdata-paddingleft=\"[0,0,0,0]\"\n\n\t\t\tstyle=\"z-index: 5; white-space: nowrap; font-size: 62px; line-height: 70px; font-weight: 900; color: #fffef7; letter-spacing: 0px;font-family:Merriweather;\">Prendre racine <\/div>\n\n\t\t<!-- LAYER NR. 2 -->\n\t\t<div class=\"tp-caption   tp-resizeme\" \n\t\t\t id=\"slide-5-layer-2\" \n\t\t\t data-x=\"['left','left','left','left']\" data-hoffset=\"['88','90','90','50']\" \n\t\t\t data-y=\"['top','top','top','top']\" data-voffset=\"['257','344','344','279']\" \n\t\t\t\t\t\tdata-fontsize=\"['62','62','62','48']\"\n\t\t\tdata-color=\"['rgb(255,247,247)','rgb(255,247,247)','rgb(255,247,247)','rgb(255,255,255)']\"\n\t\t\tdata-width=\"none\"\n\t\t\tdata-height=\"none\"\n\t\t\tdata-whitespace=\"nowrap\"\n \n\t\t\tdata-type=\"text\" \n\t\t\tdata-responsive_offset=\"on\" \n\n\t\t\tdata-frames='[{\"delay\":10,\"speed\":700,\"frame\":\"0\",\"from\":\"opacity:0;\",\"to\":\"o:1;\",\"ease\":\"Power3.easeInOut\"},{\"delay\":\"wait\",\"speed\":300,\"frame\":\"999\",\"to\":\"opacity:0;\",\"ease\":\"Power3.easeInOut\"}]'\n\t\t\tdata-textAlign=\"['inherit','inherit','inherit','inherit']\"\n\t\t\tdata-paddingtop=\"[0,0,0,0]\"\n\t\t\tdata-paddingright=\"[0,0,0,0]\"\n\t\t\tdata-paddingbottom=\"[0,0,0,0]\"\n\t\t\tdata-paddingleft=\"[0,0,0,0]\"\n\n\t\t\tstyle=\"z-index: 6; white-space: nowrap; font-size: 62px; line-height: 70px; font-weight: 900; color: #fff7f7; letter-spacing: 0px;font-family:Merriweather;\">Et s'\u00e9lever <\/div>\n\n\t\t<!-- LAYER NR. 3 -->\n\t\t<div class=\"tp-caption   tp-resizeme\" \n\t\t\t id=\"slide-5-layer-3\" \n\t\t\t data-x=\"['left','left','left','left']\" data-hoffset=\"['81','90','90','50']\" \n\t\t\t data-y=\"['top','top','top','top']\" data-voffset=\"['335','439','439','357']\" \n\t\t\t\t\t\tdata-lineheight=\"['68','68','68','36']\"\n\t\t\tdata-width=\"['none','none','none','364']\"\n\t\t\tdata-height=\"none\"\n\t\t\tdata-whitespace=\"['nowrap','nowrap','nowrap','normal']\"\n \n\t\t\tdata-type=\"text\" \n\t\t\tdata-responsive_offset=\"on\" \n\n\t\t\tdata-frames='[{\"delay\":10,\"speed\":1300,\"frame\":\"0\",\"from\":\"opacity:0;\",\"to\":\"o:1;\",\"ease\":\"Power3.easeInOut\"},{\"delay\":\"wait\",\"speed\":300,\"frame\":\"999\",\"to\":\"opacity:0;\",\"ease\":\"Power3.easeInOut\"}]'\n\t\t\tdata-textAlign=\"['inherit','inherit','inherit','inherit']\"\n\t\t\tdata-paddingtop=\"[0,0,0,0]\"\n\t\t\tdata-paddingright=\"[0,0,0,0]\"\n\t\t\tdata-paddingbottom=\"[0,0,0,0]\"\n\t\t\tdata-paddingleft=\"[0,0,0,0]\"\n\n\t\t\tstyle=\"z-index: 7; white-space: nowrap; font-size: 24px; line-height: 68px; font-weight: 400; color: #ffffff; letter-spacing: 0px;font-family:Hind;\">Aidez-nous \u00e0 reboiser nos for\u00eats et espaces naturels <\/div>\n\t<\/li>\n<\/ul>\n<script>var htmlDiv = document.getElementById(\"rs-plugin-settings-inline-css\"); var htmlDivCss=\"#rev_slider_2_1[data-slideactive=\\\"rs-5\\\"] .uranus .tp-bullet{width:15px !important;height:15px !important}\";\r\n\t\t\t\t\t\tif(htmlDiv) {\r\n\t\t\t\t\t\t\thtmlDiv.innerHTML = htmlDiv.innerHTML + htmlDivCss;\r\n\t\t\t\t\t\t}else{\r\n\t\t\t\t\t\t\tvar htmlDiv = document.createElement(\"div\");\r\n\t\t\t\t\t\t\thtmlDiv.innerHTML = \"<style>\" + htmlDivCss + \"<\/style>\";\r\n\t\t\t\t\t\t\tdocument.getElementsByTagName(\"head\")[0].appendChild(htmlDiv.childNodes[0]);\r\n\t\t\t\t\t\t}\r\n\t\t\t\t\t<\/script>\n<div class=\"tp-bannertimer tp-bottom\" style=\"visibility: hidden !important;\"><\/div>\t<\/div>\n<script>var htmlDiv = document.getElementById(\"rs-plugin-settings-inline-css\"); var htmlDivCss=\"\";\r\n\t\t\t\tif(htmlDiv) {\r\n\t\t\t\t\thtmlDiv.innerHTML = htmlDiv.innerHTML + htmlDivCss;\r\n\t\t\t\t}else{\r\n\t\t\t\t\tvar htmlDiv = document.createElement(\"div\");\r\n\t\t\t\t\thtmlDiv.innerHTML = \"<style>\" + htmlDivCss + \"<\/style>\";\r\n\t\t\t\t\tdocument.getElementsByTagName(\"head\")[0].appendChild(htmlDiv.childNodes[0]);\r\n\t\t\t\t}\r\n\t\t\t<\/script>\n\t\t<script type=\"text\/javascript\">\r\nif (setREVStartSize!==undefined) setREVStartSize(\r\n\t{c: '#rev_slider_2_1', responsiveLevels: [1240,1024,778,480], gridwidth: [1360,1024,778,480], gridheight: [830,768,778,580], sliderLayout: 'auto'});\r\n\t\t\t\r\nvar revapi2,\r\n\ttpj;\t\r\n(function() {\t\t\t\r\n\tif (!\/loaded|interactive|complete\/.test(document.readyState)) document.addEventListener(\"DOMContentLoaded\",onLoad); else onLoad();\t\r\n\tfunction onLoad() {\t\t\t\t\r\n\t\tif (tpj===undefined) { tpj = jQuery; if(\"off\" == \"on\") tpj.noConflict();}\r\n\tif(tpj(\"#rev_slider_2_1\").revolution == undefined){\n\t\trevslider_showDoubleJqueryError(\"#rev_slider_2_1\");\n\t}else{\n\t\trevapi2 = tpj(\"#rev_slider_2_1\").show().revolution({\n\t\t\tsliderType:\"standard\",\n\t\t\tjsFileLocation:\"\/\/100raciner.be\/wp-content\/plugins\/revslider\/public\/assets\/js\/\",\n\t\t\tsliderLayout:\"auto\",\n\t\t\tdottedOverlay:\"none\",\n\t\t\tdelay:5000,\n\t\t\tnavigation: {\n\t\t\t\tkeyboardNavigation:\"off\",\n\t\t\t\tkeyboard_direction: \"horizontal\",\n\t\t\t\tmouseScrollNavigation:\"off\",\n \t\t\t\t\t\t\tmouseScrollReverse:\"default\",\n\t\t\t\tonHoverStop:\"off\",\n\t\t\t\tbullets: {\n\t\t\t\t\tenable:true,\n\t\t\t\t\thide_onmobile:true,\n\t\t\t\t\thide_under:670,\n\t\t\t\t\tstyle:\"uranus\",\n\t\t\t\t\thide_onleave:false,\n\t\t\t\t\tdirection:\"vertical\",\n\t\t\t\t\t\t\t\t\tcontainer:\"layergrid\",\n\t\t\t\t\th_align:\"left\",\n\t\t\t\t\tv_align:\"center\",\n\t\t\t\t\th_offset:30,\n\t\t\t\t\tv_offset:0,\n\t\t\t\t\tspace:15,\n\t\t\t\t\ttmp:'<span class=\"tp-bullet-inner\"><\/span>'\n\t\t\t\t}\n\t\t\t},\n\t\t\tresponsiveLevels:[1240,1024,778,480],\n\t\t\tvisibilityLevels:[1240,1024,778,480],\n\t\t\tgridwidth:[1360,1024,778,480],\n\t\t\tgridheight:[830,768,778,580],\n\t\t\tlazyType:\"none\",\n\t\t\tshadow:0,\n\t\t\tspinner:\"spinner0\",\n\t\t\tstopLoop:\"off\",\n\t\t\tstopAfterLoops:-1,\n\t\t\tstopAtSlide:-1,\n\t\t\tshuffle:\"off\",\n\t\t\tautoHeight:\"off\",\n\t\t\tdisableProgressBar:\"on\",\n\t\t\thideThumbsOnMobile:\"off\",\n\t\t\thideSliderAtLimit:0,\n\t\t\thideCaptionAtLimit:0,\n\t\t\thideAllCaptionAtLilmit:0,\n\t\t\tdebugMode:false,\n\t\t\tfallbacks: {\n\t\t\t\tsimplifyAll:\"off\",\n\t\t\t\tnextSlideOnWindowFocus:\"on\",\n\t\t\t\tdisableFocusListener:true,\n\t\t\t}\n\t\t});\n\t}; \/* END OF revapi call *\/\n\t\n }; \/* END OF ON LOAD FUNCTION *\/\r\n}()); \/* END OF WRAPPING FUNCTION *\/\r\n<\/script>\r\n\t\t<script>\r\n\t\t\t\t\tvar htmlDivCss = unescape(\"%23rev_slider_2_1%20.uranus%20.tp-bullet%7B%0A%20%20border-radius%3A%2050%25%3B%0A%20%20box-shadow%3A%200%200%200%202px%20rgba%28255%2C%20255%2C%20255%2C%200%29%3B%0A%20%20-webkit-transition%3A%20box-shadow%200.3s%20ease%3B%0A%20%20transition%3A%20box-shadow%200.3s%20ease%3B%0A%20%20background%3Atransparent%3B%0A%20%20width%3A15px%3B%0A%20%20height%3A15px%3B%0A%7D%0A%23rev_slider_2_1%20.uranus%20.tp-bullet.selected%2C%0A%23rev_slider_2_1%20.uranus%20.tp-bullet%3Ahover%20%7B%0A%20%20box-shadow%3A%200%200%200%202px%20rgba%28255%2C%20255%2C%20255%2C1%29%3B%0A%20%20border%3Anone%3B%0A%20%20border-radius%3A%2050%25%3B%0A%20%20background%3Atransparent%3B%0A%7D%0A%0A%23rev_slider_2_1%20.uranus%20.tp-bullet-inner%20%7B%0A%20%20-webkit-transition%3A%20background-color%200.3s%20ease%2C%20-webkit-transform%200.3s%20ease%3B%0A%20%20transition%3A%20background-color%200.3s%20ease%2C%20transform%200.3s%20ease%3B%0A%20%20top%3A%200%3B%0A%20%20left%3A%200%3B%0A%20%20width%3A%20100%25%3B%0A%20%20height%3A%20100%25%3B%0A%20%20outline%3A%20none%3B%0A%20%20border-radius%3A%2050%25%3B%0A%20%20background-color%3A%20rgb%28255%2C%20255%2C%20255%29%3B%0A%20%20background-color%3A%20rgba%28255%2C%20255%2C%20255%2C%200.3%29%3B%0A%20%20text-indent%3A%20-999em%3B%0A%20%20cursor%3A%20pointer%3B%0A%20%20position%3A%20absolute%3B%0A%7D%0A%0A%23rev_slider_2_1%20.uranus%20.tp-bullet.selected%20.tp-bullet-inner%2C%0A%23rev_slider_2_1%20.uranus%20.tp-bullet%3Ahover%20.tp-bullet-inner%7B%0A%20transform%3A%20scale%280.4%29%3B%0A%20-webkit-transform%3A%20scale%280.4%29%3B%0A%20background-color%3Argb%28255%2C%20255%2C%20255%29%3B%0A%7D%0A\");\r\n\t\t\t\t\tvar htmlDiv = document.getElementById('rs-plugin-settings-inline-css');\r\n\t\t\t\t\tif(htmlDiv) {\r\n\t\t\t\t\t\thtmlDiv.innerHTML = htmlDiv.innerHTML + htmlDivCss;\r\n\t\t\t\t\t}\r\n\t\t\t\t\telse{\r\n\t\t\t\t\t\tvar htmlDiv = document.createElement('div');\r\n\t\t\t\t\t\thtmlDiv.innerHTML = '<style>' + htmlDivCss + '<\/style>';\r\n\t\t\t\t\t\tdocument.getElementsByTagName('head')[0].appendChild(htmlDiv.childNodes[0]);\r\n\t\t\t\t\t}\r\n\t\t\t\t  <\/script>\r\n\t\t\t\t<\/div><!-- END REVOLUTION SLIDER --><\/div>\n<\/div><\/div>\n<\/div>\n<\/div>\n<\/div>\n<\/div>\n<\/div>\n<div id=\"cmsmasters_row_ucs4e1cfdh\" class=\"cmsmasters_row cmsmasters_color_scheme_default cmsmasters_row_top_default cmsmasters_row_bot_default cmsmasters_row_fullwidth\">\n<div class=\"cmsmasters_row_outer_parent\">\n<div class=\"cmsmasters_row_outer\">\n<div class=\"cmsmasters_row_inner cmsmasters_row_fullwidth cmsmasters_row_no_margin\">\n<div class=\"cmsmasters_row_margin cmsmasters_row_columns_behavior\">\n<div id=\"cmsmasters_column_sclh9r6jib\" class=\"cmsmasters_column two_third\">\n<div class=\"cmsmasters_column_inner\"><div id=\"cmsmasters_heading_vb4bc56kh4\" class=\"cmsmasters_heading_wrap cmsmasters_heading_align_left\">\n\t<h5 class=\"cmsmasters_heading\">\u00ab\u00a0&#8230;A un moment donn\u00e9 vous allez vous demander si vous n\u2019\u00eates pas en train de perdre votre temps&#8230; si vous plantez des arbres, vous \u00eates s\u00fbr que ce que vous faites est bien\u00a0\u00bb<\/h5>\n<\/div><div id=\"cmsmasters_heading_pqvyo1eyi8\" class=\"cmsmasters_heading_wrap cmsmasters_heading_align_left\">\n\t<h4 class=\"cmsmasters_heading\">Extrait de \u00ab\u00a0la vie des arbres\u00a0\u00bb \u00e9crit par Francis Hall\u00e9 &#8211; biologiste et \u00e9crivain<\/h4>\n<\/div>\n<\/div><\/div>\n<div id=\"cmsmasters_column_1dxj3j9sh7\" class=\"cmsmasters_column one_third\">\n<div class=\"cmsmasters_column_inner\"><div id=\"cmsmasters_fb_63i9tt335f\" class=\"cmsmasters_featured_block\">\n<div class=\"featured_block_inner\">\n<div class=\"featured_block_text\">\n<div id=\"cmsmasters_heading_63i9tt335y\" class=\"cmsmasters_heading_wrap cmsmasters_heading_align_left\">\n\t<h2 class=\"cmsmasters_heading\">\u00ab\u00a0Une poign\u00e9e de terre foresti\u00e8re contient plus d&rsquo;organismes vivants qu&rsquo;il y a d&rsquo;\u00eatres humains sur Terre\u00a0\u00bb<\/h2>\n<\/div><div id=\"cmsmasters_heading_63i9tt335f\" class=\"cmsmasters_heading_wrap cmsmasters_heading_align_left\">\n\t<h6 class=\"cmsmasters_heading\">Extrait de \u00ab\u00a0la Vie secr\u00e8tes des arbres\u00a0\u00bb \u00e9crit par Peter Wohlleben &#8211; ing\u00e9nieur forestier et \u00e9crivain<\/h6>\n<\/div>\n<p>&nbsp;<\/p>\n\n<\/div>\n<\/div>\n<\/div>\n<\/div><\/div>\n<\/div>\n<\/div>\n<\/div>\n<\/div>\n<\/div>\n<div id=\"cmsmasters_row_jnwhwrcnoe\" class=\"cmsmasters_row cmsmasters_color_scheme_default cmsmasters_row_top_default cmsmasters_row_bot_default cmsmasters_row_fullwidth\">\n<div class=\"cmsmasters_row_outer_parent\">\n<div class=\"cmsmasters_row_outer\">\n<div class=\"cmsmasters_row_inner cmsmasters_row_fullwidth\">\n<div class=\"cmsmasters_row_margin\">\n<div id=\"cmsmasters_column_lhp36a4wd8\" class=\"cmsmasters_column one_fourth\">\n<div class=\"cmsmasters_column_inner\"><div id=\"cmsmasters_icon_5gsowdx4vb\" class=\"cmsmasters_icon_wrap\"><span class=\"cmsmasters_simple_icon cmsmasters-icon-custom-donation\"><\/span><span class=\"cmsmasters_simple_icon_title\"><\/span><\/div>\n<div id=\"cmsmasters_heading_5me2p201d\" class=\"cmsmasters_heading_wrap cmsmasters_heading_align_left\">\n\t<h2 class=\"cmsmasters_heading\">Des projets port\u00e9s vers l&rsquo;avenir<\/h2>\n<\/div><div id=\"cmsmasters_heading_q1ghegc9x8\" class=\"cmsmasters_heading_wrap cmsmasters_heading_align_left\">\n\t<h4 class=\"cmsmasters_heading\">Notre organisme a pour but de mener des actions durables qui permettent aux acteurs locaux d&rsquo;atteindre leurs objectifs de reforestation plus rapidement. <\/h4>\n<\/div>\n<\/div><\/div>\n<div id=\"cmsmasters_column_zlikq2jda\" class=\"cmsmasters_column one_fourth\">\n<div class=\"cmsmasters_column_inner\"><div id=\"cmsmasters_icon_b7zz44kgk\" class=\"cmsmasters_icon_wrap\"><span class=\"cmsmasters_simple_icon cmsmasters-icon-custom-pig\"><\/span><span class=\"cmsmasters_simple_icon_title\"><\/span><\/div>\n<div id=\"cmsmasters_heading_17e3rby8z\" class=\"cmsmasters_heading_wrap cmsmasters_heading_align_left\">\n\t<h2 class=\"cmsmasters_heading\">Notre financement<\/h2>\n<\/div><div id=\"cmsmasters_heading_w9z3oyowcc\" class=\"cmsmasters_heading_wrap cmsmasters_heading_align_left\">\n\t<h4 class=\"cmsmasters_heading\">Nous sommes financ\u00e9s en grande partie pour des dons provenant de soci\u00e9t\u00e9s priv\u00e9es. Nous permettrons prochainement aux particuliers de pouvoir faire un don \u00e0 notre organisme. Il est d\u00e9j\u00e0 possible de financer 1 arbre avec 5 EUR.<\/h4>\n<\/div>\n<\/div><\/div>\n<div id=\"cmsmasters_column_gfcrpekgru\" class=\"cmsmasters_column one_fourth\">\n<div class=\"cmsmasters_column_inner\"><div id=\"cmsmasters_icon_7c3qnnsj\" class=\"cmsmasters_icon_wrap\"><span class=\"cmsmasters_simple_icon cmsmasters-icon-custom-hands\"><\/span><span class=\"cmsmasters_simple_icon_title\"><\/span><\/div>\n<div id=\"cmsmasters_heading_c1vzz31j4v\" class=\"cmsmasters_heading_wrap cmsmasters_heading_align_left\">\n\t<h2 class=\"cmsmasters_heading\">Collaboration active<\/h2>\n<\/div><div id=\"cmsmasters_heading_9njxth3jnp\" class=\"cmsmasters_heading_wrap cmsmasters_heading_align_left\">\n\t<h4 class=\"cmsmasters_heading\">Sur base d\u2019une m\u00e9thode participative, notre organisme travaille avec des partenaires locaux qui ont une connaissance pr\u00e9cise des besoins. <\/h4>\n<\/div>\n<\/div><\/div>\n<div id=\"cmsmasters_column_wjdwgqe93r\" class=\"cmsmasters_column one_fourth\">\n<div class=\"cmsmasters_column_inner\"><div id=\"cmsmasters_icon_lzepayqb09\" class=\"cmsmasters_icon_wrap\"><span class=\"cmsmasters_simple_icon cmsmasters-icon-custom-grows\"><\/span><span class=\"cmsmasters_simple_icon_title\"><\/span><\/div>\n<div id=\"cmsmasters_heading_xvej1mmkq\" class=\"cmsmasters_heading_wrap cmsmasters_heading_align_left\">\n\t<h2 class=\"cmsmasters_heading\">Volontariat<\/h2>\n<\/div><div id=\"cmsmasters_heading_uc6g1i9tq\" class=\"cmsmasters_heading_wrap cmsmasters_heading_align_left\">\n\t<h4 class=\"cmsmasters_heading\">Afin d\u2019atteindre nos objectifs, nous comptons sur les hommes et femmes qui ont volontairement d\u00e9cid\u00e9 de passer une journ\u00e9e par an dans le cadre d\u2019un projet de plantation. <\/h4>\n<\/div>\n<\/div><\/div>\n<\/div>\n<\/div>\n<\/div>\n<\/div>\n<\/div>\n<div id=\"cmsmasters_row_hj9gsjlr4r\" class=\"cmsmasters_row cmsmasters_color_scheme_default cmsmasters_row_top_default cmsmasters_row_bot_default cmsmasters_row_boxed\">\n<div class=\"cmsmasters_row_outer_parent\">\n<div class=\"cmsmasters_row_outer\">\n<div class=\"cmsmasters_row_inner\">\n<div class=\"cmsmasters_row_margin\">\n<div id=\"cmsmasters_column_k9icqa3zo\" class=\"cmsmasters_column one_first\">\n<div class=\"cmsmasters_column_inner\"><div id=\"cmsmasters_heading_qw9goi14h\" class=\"cmsmasters_heading_wrap cmsmasters_heading_align_center\">\n\t<h2 class=\"cmsmasters_heading\">Actualit\u00e9 et prochains Ev\u00e9nements :<\/h2>\n<\/div>\n<div class=\"cmsmasters_posts_slider cmsmasters_posts_slider_type_post\" >\r\n\t\t<div id=\"cmsmasters_slider_x62v5uobqe\" class=\"cmsmasters_owl_slider owl-carousel\" data-items=\"1\" data-single-item=\"false\" data-auto-play=\"5000\"><div class=\"cmsmasters_owl_slider_item\"><!--_________________________ Start Posts Slider Post Article _________________________ -->\r\n<article id=\"post-15648\" class=\"cmsmasters_slider_post post-15648 post type-post status-publish format-standard has-post-thumbnail hentry category-conseils\">\r\n\t<div class=\"cmsmasters_slider_post_outer\">\r\n\t<div class=\"cmsmasters_slider_post_date_img_wrap\"><figure class=\"cmsmasters_img_rollover_wrap preloader\"><img width=\"580\" height=\"366\" src=\"https:\/\/100raciner.be\/wp-content\/uploads\/2020\/02\/IMG_0455-Copie-580x366.jpg\" class=\"full-width wp-post-image\" alt=\"Pourquoi planter un arbre ?\" loading=\"lazy\" title=\"Pourquoi planter un arbre ?\" \/><div class=\"cmsmasters_img_rollover\"><a href=\"https:\/\/100raciner.be\/index.php\/2020\/02\/17\/pourquoi-planter-un-arbre\/\" title=\"Pourquoi planter un arbre ?\" class=\"cmsmasters_open_link\"><\/a><\/div><\/figure><\/div><div class=\"cmsmasters_slider_post_inner\"><header class=\"cmsmasters_slider_post_header entry-header\"><h2 class=\"cmsmasters_slider_post_title entry-title\"><a href=\"https:\/\/100raciner.be\/index.php\/2020\/02\/17\/pourquoi-planter-un-arbre\/\">Pourquoi planter un arbre ?<\/a><\/h2><\/header><footer class=\"cmsmasters_slider_post_footer entry-meta\"><span class=\"cmsmasters_slider_post_category\"><a href=\"https:\/\/100raciner.be\/index.php\/category\/conseils\/\" class=\"cmsmasters_cat_color cmsmasters_cat_26\" rel=\"category tag\">Conseils<\/a><\/span><\/footer><div class=\"cmsmasters_slider_post_content entry-content\">\n<p>On pr\u00f4ne de plus en plus l\u2019importance d\u2019agir contre la d\u00e9forestation. Les actions et projets qui visent \u00e0 planter un...<\/p>\n<\/div>\n<\/div>\t<\/div>\r\n<\/article>\r\n<!--_________________________ Finish Posts Slider Post Article _________________________ -->\r\n\r\n<\/div><\/div><\/div>\n<\/div><\/div>\n<\/div>\n<\/div>\n<\/div>\n<\/div>\n<\/div>\n<div id=\"cmsmasters_row_cuc5exahls\" class=\"cmsmasters_row cmsmasters_color_scheme_third cmsmasters_row_top_default cmsmasters_row_bot_default cmsmasters_row_boxed\">\n<div class=\"cmsmasters_row_outer_parent\">\n<div class=\"cmsmasters_row_outer\">\n<div class=\"cmsmasters_row_inner\">\n<div class=\"cmsmasters_row_margin\">\n<div id=\"cmsmasters_column_yinielq9o\" class=\"cmsmasters_column one_first\">\n<div class=\"cmsmasters_column_inner\"><div id=\"cmsmasters_heading_sc8utum8td\" class=\"cmsmasters_heading_wrap cmsmasters_heading_align_center\">\n\t<h2 class=\"cmsmasters_heading\">La Wallonie est assur\u00e9ment une r\u00e9gion foresti\u00e8re, mais sa surface bois\u00e9e est tr\u00e8s in\u00e9galement r\u00e9partie. Dans certaines provinces, l\u2019\u00e9rosion de la nature s\u2019est faite principalement au d\u00e9triment de terres agricoles et foresti\u00e8res. \u00ab Inventaire Permanent des Ressources Foresti\u00e8res de Wallonie \u00bb <\/h2>\n<\/div><div id=\"cmsmasters_counters_2bjw0w1pep\" class=\"cmsmasters_counters counters_type_horizontal\"><div class=\"cmsmasters_counter_wrap one_third\">\n<div id=\"cmsmasters_counter_6jwvsdt0ym\" class=\"cmsmasters_counter\" data-percent=\"33\">\n<div class=\"cmsmasters_counter_inner\">\n<span class=\"cmsmasters_counter_counter_wrap\">\n<span class=\"cmsmasters_counter_prefix\"><\/span><span class=\"cmsmasters_counter_counter\">0<\/span><span class=\"cmsmasters_counter_suffix\"> %<\/span>\n<\/span>\n<span class=\"cmsmasters_counter_title\">du territoire<\/span>\n<\/div>\n<span class=\"cmsmasters_counter_subtitle\">correspondant au taux de boisement en Wallonie<\/span>\n<\/div>\n<\/div><div class=\"cmsmasters_counter_wrap one_third\">\n<div id=\"cmsmasters_counter_ikjfojmg4o\" class=\"cmsmasters_counter\" data-percent=\"554000\">\n<div class=\"cmsmasters_counter_inner\">\n<span class=\"cmsmasters_counter_counter_wrap\">\n<span class=\"cmsmasters_counter_prefix\"><\/span><span class=\"cmsmasters_counter_counter\">0<\/span><span class=\"cmsmasters_counter_suffix\"> ha<\/span>\n<\/span>\n<span class=\"cmsmasters_counter_title\">de zones foresti\u00e8res<\/span>\n<\/div>\n<span class=\"cmsmasters_counter_subtitle\">sur l\u2032ensemble du territoire wallon<\/span>\n<\/div>\n<\/div><div class=\"cmsmasters_counter_wrap one_third\">\n<div id=\"cmsmasters_counter_b9xmlvclul\" class=\"cmsmasters_counter\" data-percent=\"16\">\n<div class=\"cmsmasters_counter_inner\">\n<span class=\"cmsmasters_counter_counter_wrap\">\n<span class=\"cmsmasters_counter_prefix\"><\/span><span class=\"cmsmasters_counter_counter\">0<\/span><span class=\"cmsmasters_counter_suffix\"> km\u00b2<\/span>\n<\/span>\n<span class=\"cmsmasters_counter_title\">de surface<\/span>\n<\/div>\n<span class=\"cmsmasters_counter_subtitle\"> correspond \u00e0 l\u2032artificialisation moyenne annuelle<\/span>\n<\/div>\n<\/div><\/div>\n<\/div><\/div>\n<\/div>\n<\/div>\n<\/div>\n<\/div>\n<\/div>\n<div id=\"cmsmasters_row_0oyzd3693\" class=\"cmsmasters_row cmsmasters_color_scheme_default cmsmasters_row_top_default cmsmasters_row_bot_default cmsmasters_row_boxed\">\n<div class=\"cmsmasters_row_outer_parent\">\n<div class=\"cmsmasters_row_outer\">\n<div class=\"cmsmasters_row_inner\">\n<div class=\"cmsmasters_row_margin\">\n<div id=\"cmsmasters_column_4eo0fwj728\" class=\"cmsmasters_column one_first\">\n<div class=\"cmsmasters_column_inner\"><div id=\"cmsmasters_heading_atddi49od9\" class=\"cmsmasters_heading_wrap cmsmasters_heading_align_center\">\n\t<h2 class=\"cmsmasters_heading\">Vous poss\u00e9dez un jardin bois\u00e9 ? De quelles esp\u00e8ces est-il compos\u00e9 ? Laissez-nous votre t\u00e9moignage : info(at)100raciner.be<\/h2>\n<\/div><div id=\"cmsmasters_heading_vp4pxh5d3c\" class=\"cmsmasters_heading_wrap cmsmasters_heading_align_center\">\n\t<h5 class=\"cmsmasters_heading\"><a href=\"https:\/\/bungalowsdubonsoy.be\">Nous collaborons actuellement avec https:\/\/bungalowsdubonsoy.be dans le cadre de la pr\u00e9servation des milieux naturels. <\/a><\/h5>\n<\/div>\n<\/div><\/div>\n<\/div>\n<\/div>\n<\/div>\n<\/div>\n<\/div>\n\n","protected":false},"excerpt":{"rendered":"","protected":false},"author":1,"featured_media":0,"parent":0,"menu_order":0,"comment_status":"closed","ping_status":"closed","template":"","meta":[],"_links":{"self":[{"href":"https:\/\/100raciner.be\/index.php\/wp-json\/wp\/v2\/pages\/7366"}],"collection":[{"href":"https:\/\/100raciner.be\/index.php\/wp-json\/wp\/v2\/pages"}],"about":[{"href":"https:\/\/100raciner.be\/index.php\/wp-json\/wp\/v2\/types\/page"}],"author":[{"embeddable":true,"href":"https:\/\/100raciner.be\/index.php\/wp-json\/wp\/v2\/users\/1"}],"replies":[{"embeddable":true,"href":"https:\/\/100raciner.be\/index.php\/wp-json\/wp\/v2\/comments?post=7366"}],"version-history":[{"count":35,"href":"https:\/\/100raciner.be\/index.php\/wp-json\/wp\/v2\/pages\/7366\/revisions"}],"predecessor-version":[{"id":15656,"href":"https:\/\/100raciner.be\/index.php\/wp-json\/wp\/v2\/pages\/7366\/revisions\/15656"}],"wp:attachment":[{"href":"https:\/\/100raciner.be\/index.php\/wp-json\/wp\/v2\/media?parent=7366"}],"curies":[{"name":"wp","href":"https:\/\/api.w.org\/{rel}","templated":true}]}}